{"id":150,"date":"2017-04-19T14:56:56","date_gmt":"2017-04-19T14:56:56","guid":{"rendered":"http:\/\/localhost:8080\/economic\/?page_id=150"},"modified":"2026-02-10T22:22:28","modified_gmt":"2026-02-10T19:22:28","slug":"ip-tv-fiyatlari","status":"publish","type":"page","link":"https:\/\/iptvkur1.com\/iptv-satin-al-14\/ip-tv-fiyatlari\/","title":{"rendered":"Pricing"},"content":{"rendered":"<p>[vc_row full_width=&#8221;stretch_row&#8221; parallax=&#8221;content-moving&#8221; disable_element=&#8221;yes&#8221; css=&#8221;.vc_custom_1601377873997{padding-top: 7em !important;padding-bottom: 7em !important;background-image: url(http:\/\/iptvkur1.com\/wp-content\/uploads\/2017\/04\/backg08.jpg?id=102) !important;}&#8221; overlaycolor=&#8221;rgba(10,9,9,0.4)&#8221;][vc_column]<ul class=\"brands\"><li><a href=\"#contact\" target=\"_blank\" title=\"\"><img decoding=\"async\" src=\"https:\/\/iptvkur1.com\/wp-content\/uploads\/2017\/04\/vintlogo4-white-189x118.png\" alt=\"client\" \/><\/a><\/li><li><a href=\"#contact\" target=\"_blank\" title=\"\"><img decoding=\"async\" src=\"https:\/\/iptvkur1.com\/wp-content\/uploads\/2017\/04\/vintlogo3-white-189x118.png\" alt=\"client\" \/><\/a><\/li><li><a href=\"#contact\" target=\"_blank\" title=\"\"><img decoding=\"async\" src=\"https:\/\/iptvkur1.com\/wp-content\/uploads\/2017\/04\/vintlogo2-white-189x118.png\" alt=\"client\" \/><\/a><\/li><li><a href=\"#contact\" target=\"_blank\" title=\"\"><img decoding=\"async\" src=\"\" alt=\"client\" \/><\/a><\/li><li><a href=\"#contact\" target=\"_blank\" title=\"\"><img decoding=\"async\" src=\"https:\/\/iptvkur1.com\/wp-content\/uploads\/2017\/04\/vintlogo1-white-189x118.png\" alt=\"client\" \/><\/a><\/li><li><a href=\"#contact\" target=\"_blank\" title=\"\"><img decoding=\"async\" src=\"https:\/\/iptvkur1.com\/wp-content\/uploads\/2017\/04\/vintlogo4-white-189x118.png\" alt=\"client\" \/><\/a><\/li><li><a href=\"#contact\" target=\"_blank\" title=\"\"><img decoding=\"async\" src=\"https:\/\/iptvkur1.com\/wp-content\/uploads\/2017\/04\/vintlogo3-white-189x118.png\" alt=\"client\" \/><\/a><\/li><li><a href=\"#contact\" target=\"_blank\" title=\"\"><img decoding=\"async\" src=\"https:\/\/iptvkur1.com\/wp-content\/uploads\/2017\/04\/vintlogo2-white-189x118.png\" alt=\"client\" \/><\/a><\/li><\/ul>[\/vc_column][\/vc_row][vc_row full_width=&#8221;stretch_row&#8221; parallax=&#8221;content-moving-fade&#8221; css=&#8221;.vc_custom_1492548785614{padding-top: 8em !important;padding-bottom: 8em !important;background-image: url(http:\/\/iptvkur1.com\/wp-content\/uploads\/2017\/04\/backg08.jpg?id=102) !important;}&#8221; overlaycolor=&#8221;rgba(16,24,32,0.4)&#8221;][vc_column width=&#8221;1\/3&#8243;]<div class=\"numbers\"><span class=\"number\" data-from=\"0\" data-to=\"15000\" data-speed=\"5000\" data-refresh-interval=\"50\"><\/span><span class=\"number-info klb-counter\">KANAL SAYISI<\/span><\/div>[\/vc_column][vc_column width=&#8221;1\/3&#8243;]<div class=\"numbers\"><span class=\"number\" data-from=\"0\" data-to=\"10245\" data-speed=\"5000\" data-refresh-interval=\"50\"><\/span><span class=\"number-info klb-counter\">KULLANICI<\/span><\/div>[\/vc_column][vc_column width=&#8221;1\/3&#8243;]<div class=\"numbers\"><span class=\"number\" data-from=\"0\" data-to=\"21\" data-speed=\"5000\" data-refresh-interval=\"50\"><\/span><span class=\"number-info klb-counter\">DESTEK PERSONEL\u0130<\/span><\/div>[\/vc_column][\/vc_row][vc_row css=&#8221;.vc_custom_1492613773933{padding-top: 90px !important;padding-bottom: 90px !important;}&#8221;][vc_column]<div class=\"section-header text-center \"><h4 class=\"section-title\" data-text=\"\">GOLD PAKETLER<\/h4><p><\/p><\/div>[\/vc_column][vc_column width=&#8221;1\/2&#8243;]<ul class=\"pricing-table list-unstyled \"><li class=\"title\">1 AY<\/li><li class=\"price\">400<sup>\u20ba<\/sup><\/li><li class=\"description\">T\u00fcm cihazlarla uyumlu!<\/li><li class=\"description\">Premium dizi ve fimler!<\/li><li class=\"description\">UHD-HD-SD kanal se\u00e7enekleri<\/li><li class=\"description\">+360.000 i\u00e7erik<\/li><li class=\"cta-button\"><a class=\"btn btn-danger nrml btn-block\" href=\"https:\/\/tawk.to\/chat\/5f8ad222fd4ff5477ea6ae4a\/default\" target=\"_blank\" title=\"SATIN AL\">SATIN AL<\/a><\/li><\/ul>[\/vc_column][vc_column width=&#8221;1\/2&#8243;]<ul class=\"pricing-table list-unstyled \"><li class=\"title\">3 AY<\/li><li class=\"price\">750<sup>\u20ba<\/sup><\/li><li class=\"description\">T\u00fcm cihazlarla uyumlu!<\/li><li class=\"description\">Premium dizi ve fimler!<\/li><li class=\"description\">UHD-HD-SD kanal se\u00e7enekleri<\/li><li class=\"description\">+360.000 i\u00e7erik<\/li><li class=\"cta-button\"><a class=\"btn btn-danger nrml btn-block\" href=\"https:\/\/tawk.to\/chat\/5f8ad222fd4ff5477ea6ae4a\/default\" target=\"\" title=\"SATIN AL\">SATIN AL<\/a><\/li><\/ul>[\/vc_column][vc_column width=&#8221;1\/2&#8243;]<ul class=\"pricing-table list-unstyled \"><li class=\"title\">6 AY<\/li><li class=\"price\">1300<sup>\u20ba<\/sup><\/li><li class=\"description\">T\u00fcm cihazlarla uyumlu!<\/li><li class=\"description\">Premium dizi ve fimler!<\/li><li class=\"description\">UHD-HD-SD kanal se\u00e7enekleri<\/li><li class=\"description\">+360.000 i\u00e7erik<\/li><li class=\"cta-button\"><a class=\"btn btn-danger nrml btn-block\" href=\"https:\/\/tawk.to\/chat\/5f8ad222fd4ff5477ea6ae4a\/default\" target=\"\" title=\"SATIN AL\">SATIN AL<\/a><\/li><\/ul>[\/vc_column][vc_column width=&#8221;1\/2&#8243;]<ul class=\"pricing-table list-unstyled active\"><li class=\"title\">12 AY<\/li><li class=\"price\">2000<sup>\u20ba<\/sup><\/li><li class=\"description\">T\u00fcm cihazlarla uyumlu!<\/li><li class=\"description\">Premium dizi ve fimler!<\/li><li class=\"description\">UHD-HD-SD kanal se\u00e7enekleri<\/li><li class=\"description\">+360.000 i\u00e7erik<\/li><li class=\"cta-button\"><a class=\"btn btn-danger  btn-block\" href=\"https:\/\/tawk.to\/chat\/5f8ad222fd4ff5477ea6ae4a\/default\" target=\"\" title=\"SATIN AL\">SATIN AL<\/a><\/li><\/ul>[\/vc_column][vc_column width=&#8221;1\/2&#8243;][\/vc_column][vc_column width=&#8221;1\/2&#8243;][\/vc_column][vc_column]<ul class=\"pricing-table list-unstyled \"><li class=\"title\">TEST YAYINI<\/li><li class=\"price\">0<sup>\u20ba<\/sup><\/li><li class=\"description\">T\u00fcm cihazlarla uyumlu!<\/li><li class=\"description\">Premium dizi ve fimler!<\/li><li class=\"description\">UHD-HD-SD kanal se\u00e7enekleri<\/li><li class=\"description\">+360.000 i\u00e7erik<\/li><li class=\"cta-button\"><a class=\"btn btn-danger nrml btn-block\" href=\"https:\/\/tawk.to\/chat\/5f8ad222fd4ff5477ea6ae4a\/default\" target=\"\" title=\"\u00dcCRETS\u0130Z BA\u015eLAT\">\u00dcCRETS\u0130Z BA\u015eLAT<\/a><\/li><\/ul>[\/vc_column][\/vc_row][vc_row full_width=&#8221;stretch_row_content_no_spaces&#8221;][vc_column][vc_zigzag][\/vc_column][\/vc_row][vc_row css=&#8221;.vc_custom_1492613773933{padding-top: 90px !important;padding-bottom: 90px !important;}&#8221;][vc_column]<div class=\"section-header text-center \"><h4 class=\"section-title\" data-text=\"\">Yurt D\u0131\u015f\u0131 Standart Paketleri<\/h4><p><\/p><\/div>[\/vc_column][vc_column width=&#8221;1\/2&#8243;]<ul class=\"pricing-table list-unstyled \"><li class=\"title\">3 AY<\/li><li class=\"price\">35<sup>\u20ac<\/sup><\/li><li class=\"description\">T\u00fcm cihazlarla uyumlu!<\/li><li class=\"description\">Premium dizi ve fimler!<\/li><li class=\"description\">UHD-HD-SD kanal se\u00e7enekleri<\/li><li class=\"description\">+250.000 i\u00e7erik<\/li><li class=\"cta-button\"><a class=\"btn btn-danger nrml btn-block\" href=\"https:\/\/tawk.to\/chat\/5f8ad222fd4ff5477ea6ae4a\/default\" target=\"\" title=\"SATIN AL\">SATIN AL<\/a><\/li><\/ul>[\/vc_column][vc_column width=&#8221;1\/2&#8243;]<ul class=\"pricing-table list-unstyled \"><li class=\"title\">6 AY<\/li><li class=\"price\">45<sup>\u20ac<\/sup><\/li><li class=\"description\">T\u00fcm cihazlarla uyumlu!<\/li><li class=\"description\">Premium dizi ve fimler!<\/li><li class=\"description\">UHD-HD-SD kanal se\u00e7enekleri<\/li><li class=\"description\">+250.000 i\u00e7erik<\/li><li class=\"cta-button\"><a class=\"btn btn-danger nrml btn-block\" href=\"https:\/\/tawk.to\/chat\/5f8ad222fd4ff5477ea6ae4a\/default\" target=\"\" title=\"SATIN AL\">SATIN AL<\/a><\/li><\/ul>[\/vc_column][vc_column width=&#8221;1\/2&#8243;]<ul class=\"pricing-table list-unstyled \"><li class=\"title\">9 AY<\/li><li class=\"price\">60<sup>\u20ac<\/sup><\/li><li class=\"description\">T\u00fcm cihazlarla uyumlu!<\/li><li class=\"description\">Premium dizi ve fimler!<\/li><li class=\"description\">UHD-HD-SD kanal se\u00e7enekleri<\/li><li class=\"description\">+250.000 i\u00e7erik<\/li><li class=\"cta-button\"><a class=\"btn btn-danger nrml btn-block\" href=\"https:\/\/tawk.to\/chat\/5f8ad222fd4ff5477ea6ae4a\/default\" target=\"\" title=\"SATIN AL\">SATIN AL<\/a><\/li><\/ul>[\/vc_column][vc_column width=&#8221;1\/2&#8243;]<ul class=\"pricing-table list-unstyled active\"><li class=\"title\">12 AY<\/li><li class=\"price\">70<sup>\u20ac<\/sup><\/li><li class=\"description\">T\u00fcm cihazlarla uyumlu!<\/li><li class=\"description\">Premium dizi ve fimler!<\/li><li class=\"description\">UHD-HD-SD kanal se\u00e7enekleri<\/li><li class=\"description\">+250.000 i\u00e7erik<\/li><li class=\"cta-button\"><a class=\"btn btn-danger  btn-block\" href=\"https:\/\/tawk.to\/chat\/5f8ad222fd4ff5477ea6ae4a\/default\" target=\"_blank\" title=\"SATIN AL\">SATIN AL<\/a><\/li><\/ul>[\/vc_column][vc_column width=&#8221;1\/2&#8243;]<ul class=\"pricing-table list-unstyled active\"><li class=\"title\">24 AY<\/li><li class=\"price\">130<sup>\u20ac<\/sup><\/li><li class=\"description\">T\u00fcm cihazlarla uyumlu!<\/li><li class=\"description\">Premium dizi ve fimler!<\/li><li class=\"description\">UHD-HD-SD kanal se\u00e7enekleri<\/li><li class=\"description\">+250.000 i\u00e7erik<\/li><li class=\"cta-button\"><a class=\"btn btn-danger  btn-block\" href=\"https:\/\/tawk.to\/chat\/5f8ad222fd4ff5477ea6ae4a\/default\" target=\"_blank\" title=\"SATIN AL\">SATIN AL<\/a><\/li><\/ul>[\/vc_column][vc_column width=&#8221;1\/2&#8243;]<ul class=\"pricing-table list-unstyled \"><li class=\"title\">TEST YAYINI<\/li><li class=\"price\">0<sup>\u20ba<\/sup><\/li><li class=\"description\">T\u00fcm cihazlarla uyumlu!<\/li><li class=\"description\">Premium dizi ve fimler!<\/li><li class=\"description\">UHD-HD-SD kanal se\u00e7enekleri<\/li><li class=\"description\">+250.000 i\u00e7erik<\/li><li class=\"cta-button\"><a class=\"btn btn-danger nrml btn-block\" href=\"https:\/\/tawk.to\/chat\/5f8ad222fd4ff5477ea6ae4a\/default\" target=\"\" title=\"\u00dcCRETS\u0130Z BA\u015eLAT\">\u00dcCRETS\u0130Z BA\u015eLAT<\/a><\/li><\/ul>[\/vc_column][\/vc_row][vc_row full_width=&#8221;stretch_row_content_no_spaces&#8221; css=&#8221;.vc_custom_1604513577292{margin-bottom: 80px !important;}&#8221;][vc_column][vc_zigzag][\/vc_column][\/vc_row][vc_row full_width=&#8221;stretch_row&#8221; css=&#8221;.vc_custom_1604513594712{margin-bottom: 40px !important;}&#8221;][vc_column][vc_column_text]iptvkur.com ekibi olarak kesintisiz ve maksimum kalitede ip tv yay\u0131n\u0131 vermeyi \u00f6nemsiyoruz. Altyap\u0131m\u0131za g\u00fcvendi\u011fimiz i\u00e7in <strong>\u00fccretsiz deneme iptv yay\u0131n\u0131n\u0131<\/strong> \u00fccretsiz olarak herkese sa\u011fl\u0131yoruz. Kesinlikle hi\u00e7bir bilginizi bizimle payla\u015fmadan iptv test yay\u0131n\u0131n\u0131z\u0131 isteyip an\u0131nda kullanmaya ba\u015flayabilirsiniz. Ayr\u0131ca <a href=\"http:\/\/iptvkur1.com\/blog\/\" target=\"_blank\" rel=\"noopener noreferrer\">blo\u011fumuzda<\/a> yazd\u0131\u011f\u0131m\u0131z yard\u0131mc\u0131 i\u00e7eriklerle de ekosisteme katk\u0131 sa\u011flamaya \u00e7al\u0131\u015fmaktay\u0131z.<\/p>\n<p>&nbsp;<\/p>\n<h5>Ip tv nas\u0131l izlerim?<\/h5>\n<p>Her t\u00fcrl\u00fc mobil, android, iOS (iPhone) ve windows cihazdan iptv izleyebilirsiniz. Dilerseniz bilgisayar\u0131n\u0131zdan web tv olarak da izleyebilirsiniz. iOS ve Android ip tv uygulamalar\u0131 \u00fczerinden herhangi bir ek ayar yapmadan sadece bir link ile iptv kurulumunuzu yapabilirsiniz. iOS ip tv i\u00e7in <a href=\"https:\/\/apps.apple.com\/cy\/app\/gse-smart-iptv\/id1028734023?l=tr\" target=\"_blank\" rel=\"noopener noreferrer\">buraya t\u0131klayabilirsiniz.\u00a0<\/a><\/p>\n<p>&nbsp;<\/p>\n<h5>Nas\u0131l ip tv test yay\u0131n\u0131 al\u0131r\u0131m?<\/h5>\n<p>Test yay\u0131n\u0131n\u0131z\u0131 <a href=\"https:\/\/tawk.to\/chat\/5f8ad222fd4ff5477ea6ae4a\/default\" target=\"_blank\" rel=\"noopener noreferrer\">canl\u0131 deste\u011fe<\/a> ba\u011flanarak isteyebilir hemen kullanmaya ba\u015flayabilirsiniz. Dilerseniz T\u00fcrkiye&#8217;deki en fiyat performans olarak uygun iptv sat\u0131n alabilirsiniz. Paketlerimizi incelemek i\u00e7in <a href=\"http:\/\/iptvkur1.com\/#pricing\">buraya t\u0131klayabilirsiniz<\/a>. IP tv sat\u0131\u015f\u0131ndan sonra da sizleri yaln\u0131z b\u0131rakm\u0131yoruz, her t\u00fcrl\u00fc teknik destek i\u00e7in canl\u0131 destek hatt\u0131m\u0131z\u0131 kullanabilirsiniz.<\/p>\n<p>&nbsp;<\/p>\n<h5>Ip tv g\u00fcvenilir mi?<\/h5>\n<p>Nas\u0131l g\u00fcvenilir ip tv bulunur? Iptv&#8217;nin\u00a0 g\u00fcvenli oldu\u011funu nas\u0131l anlar\u0131m? sorular\u0131n\u0131n cevaplar\u0131n\u0131 bir yaz\u0131m\u0131zda toplad\u0131k. Ip tv servisi sat\u0131n almadan \u00f6nce mutlaka bu yaz\u0131y\u0131 okumal\u0131s\u0131n\u0131z.<strong> G\u00fcvenli ip tv<\/strong> yaz\u0131s\u0131n\u0131 okumak i\u00e7in <a href=\"http:\/\/iptvkur1.com\/guvenilir-ip-tv-nasil-anlasilir\/\">buraya t\u0131klayabilirsiniz.<\/a><\/p>\n<p>Di\u011fer iptv sat\u0131n alabilece\u011finiz servisimiz <a href=\"https:\/\/tamiptv.com\">https:\/\/tamiptv.com<\/a> dur.<\/p>\n<p>En g\u00fcncel iptv sa\u011flay\u0131c\u0131s\u0131 <a href=\"https:\/\/camiptv.com\">https:\/\/camiptv.org<\/a>[\/vc_column_text][\/vc_column][\/vc_row]<\/p>\n","protected":false},"excerpt":{"rendered":"<p>[vc_row full_width=&#8221;stretch_row&#8221; parallax=&#8221;content-moving&#8221; disable_element=&#8221;yes&#8221; css=&#8221;.vc_custom_1601377873997{padding-top: 7em !important;padding-bottom: 7em !important;background-image: url(http:\/\/iptvkur1.com\/wp-content\/uploads\/2017\/04\/backg08.jpg?id=102) !important;}&#8221; overlaycolor=&#8221;rgba(10,9,9,0.4)&#8221;][vc_column][\/vc_column][\/vc_row][vc_row full_width=&#8221;stretch_row&#8221; parallax=&#8221;content-moving-fade&#8221; css=&#8221;.vc_custom_1492548785614{padding-top: 8em !important;padding-bottom: 8em !important;background-image: url(http:\/\/iptvkur1.com\/wp-content\/uploads\/2017\/04\/backg08.jpg?id=102) !important;}&#8221; overlaycolor=&#8221;rgba(16,24,32,0.4)&#8221;][vc_column width=&#8221;1\/3&#8243;][\/vc_column][vc_column width=&#8221;1\/3&#8243;][\/vc_column][vc_column width=&#8221;1\/3&#8243;][\/vc_column][\/vc_row][vc_row css=&#8221;.vc_custom_1492613773933{padding-top: 90px !important;padding-bottom: 90px !important;}&#8221;][vc_column][\/vc_column][vc_column width=&#8221;1\/2&#8243;][\/vc_column][vc_column width=&#8221;1\/2&#8243;][\/vc_column][vc_column width=&#8221;1\/2&#8243;][\/vc_column][vc_column width=&#8221;1\/2&#8243;][\/vc_column][vc_column width=&#8221;1\/2&#8243;][\/vc_column][vc_column width=&#8221;1\/2&#8243;][\/vc_column][vc_column][\/vc_column][\/vc_row][vc_row full_width=&#8221;stretch_row_content_no_spaces&#8221;][vc_column][vc_zigzag][\/vc_column][\/vc_row][vc_row css=&#8221;.vc_custom_1492613773933{padding-top: 90px !important;padding-bottom: 90px !important;}&#8221;][vc_column][\/vc_column][vc_column width=&#8221;1\/2&#8243;][\/vc_column][vc_column width=&#8221;1\/2&#8243;][\/vc_column][vc_column width=&#8221;1\/2&#8243;][\/vc_column][vc_column width=&#8221;1\/2&#8243;][\/vc_column][vc_column width=&#8221;1\/2&#8243;][\/vc_column][vc_column width=&#8221;1\/2&#8243;][\/vc_column][\/vc_row][vc_row full_width=&#8221;stretch_row_content_no_spaces&#8221; css=&#8221;.vc_custom_1604513577292{margin-bottom: 80px !important;}&#8221;][vc_column][vc_zigzag][\/vc_column][\/vc_row][vc_row full_width=&#8221;stretch_row&#8221; css=&#8221;.vc_custom_1604513594712{margin-bottom: 40px<\/p>\n<div class=\"text-left klb-read-more\"><a class=\"btn btn-danger\" href=\"https:\/\/iptvkur1.com\/iptv-satin-al-14\/ip-tv-fiyatlari\/\" >DEVAMINI OKU<\/a><\/div>\n","protected":false},"author":1,"featured_media":0,"parent":0,"menu_order":0,"comment_status":"closed","ping_status":"closed","template":"","meta":{"footnotes":""},"yoast_head":"<!-- This site is optimized with the Yoast SEO plugin v21.7 - https:\/\/yoast.com\/wordpress\/plugins\/seo\/ -->\n<title>24 saat test yay\u0131nl\u0131 kaliteli ip tv<\/title>\n<meta name=\"description\" content=\"24 saat \u00fccretsiz test yay\u0131nl\u0131 g\u00fcvenilir ve uygun fiyatl\u0131 kaliteli iptv. Sat\u0131n almadan herhangi bir bilgi vermeden deneme yay\u0131n\u0131n\u0131z\u0131 alabilirs\" \/>\n<meta name=\"robots\" content=\"index, follow, max-snippet:-1, max-image-preview:large, max-video-preview:-1\" \/>\n<link rel=\"canonical\" href=\"https:\/\/iptvkur1.com\/iptv-satin-al-14\/ip-tv-fiyatlari\/\" \/>\n<meta property=\"og:locale\" content=\"tr_TR\" \/>\n<meta property=\"og:type\" content=\"article\" \/>\n<meta property=\"og:title\" content=\"24 saat test yay\u0131nl\u0131 kaliteli ip tv\" \/>\n<meta property=\"og:description\" content=\"24 saat \u00fccretsiz test yay\u0131nl\u0131 g\u00fcvenilir ve uygun fiyatl\u0131 kaliteli iptv. Sat\u0131n almadan herhangi bir bilgi vermeden deneme yay\u0131n\u0131n\u0131z\u0131 alabilirs\" \/>\n<meta property=\"og:url\" content=\"https:\/\/iptvkur1.com\/iptv-satin-al-14\/ip-tv-fiyatlari\/\" \/>\n<meta property=\"og:site_name\" content=\"IPTV SATIN AL\" \/>\n<meta property=\"article:modified_time\" content=\"2026-02-10T19:22:28+00:00\" \/>\n<meta name=\"twitter:card\" content=\"summary_large_image\" \/>\n<meta name=\"twitter:site\" content=\"@iptvkur\" \/>\n<meta name=\"twitter:label1\" content=\"Tahmini okuma s\u00fcresi\" \/>\n\t<meta name=\"twitter:data1\" content=\"2 dakika\" \/>\n<script type=\"application\/ld+json\" class=\"yoast-schema-graph\">{\"@context\":\"https:\/\/schema.org\",\"@graph\":[{\"@type\":\"WebPage\",\"@id\":\"https:\/\/iptvkur1.com\/iptv-satin-al-14\/ip-tv-fiyatlari\/\",\"url\":\"https:\/\/iptvkur1.com\/iptv-satin-al-14\/ip-tv-fiyatlari\/\",\"name\":\"24 saat test yay\u0131nl\u0131 kaliteli ip tv\",\"isPartOf\":{\"@id\":\"https:\/\/iptvkur1.com\/iptv-satin-al-14\/#website\"},\"datePublished\":\"2017-04-19T14:56:56+00:00\",\"dateModified\":\"2026-02-10T19:22:28+00:00\",\"description\":\"24 saat \u00fccretsiz test yay\u0131nl\u0131 g\u00fcvenilir ve uygun fiyatl\u0131 kaliteli iptv. Sat\u0131n almadan herhangi bir bilgi vermeden deneme yay\u0131n\u0131n\u0131z\u0131 alabilirs\",\"breadcrumb\":{\"@id\":\"https:\/\/iptvkur1.com\/iptv-satin-al-14\/ip-tv-fiyatlari\/#breadcrumb\"},\"inLanguage\":\"tr\",\"potentialAction\":[{\"@type\":\"ReadAction\",\"target\":[\"https:\/\/iptvkur1.com\/iptv-satin-al-14\/ip-tv-fiyatlari\/\"]}]},{\"@type\":\"BreadcrumbList\",\"@id\":\"https:\/\/iptvkur1.com\/iptv-satin-al-14\/ip-tv-fiyatlari\/#breadcrumb\",\"itemListElement\":[{\"@type\":\"ListItem\",\"position\":1,\"name\":\"Ana sayfa\",\"item\":\"https:\/\/iptvkur1.com\/iptv-satin-al-14\/\"},{\"@type\":\"ListItem\",\"position\":2,\"name\":\"Pricing\"}]},{\"@type\":\"WebSite\",\"@id\":\"https:\/\/iptvkur1.com\/iptv-satin-al-14\/#website\",\"url\":\"https:\/\/iptvkur1.com\/iptv-satin-al-14\/\",\"name\":\"iptv sat\u0131n al\",\"description\":\"3 G\u00fcn \u00dccretsiz Test Yay\u0131n\u0131\",\"publisher\":{\"@id\":\"https:\/\/iptvkur1.com\/iptv-satin-al-14\/#organization\"},\"potentialAction\":[{\"@type\":\"SearchAction\",\"target\":{\"@type\":\"EntryPoint\",\"urlTemplate\":\"https:\/\/iptvkur1.com\/iptv-satin-al-14\/?s={search_term_string}\"},\"query-input\":\"required name=search_term_string\"}],\"inLanguage\":\"tr\"},{\"@type\":\"Organization\",\"@id\":\"https:\/\/iptvkur1.com\/iptv-satin-al-14\/#organization\",\"name\":\"iptv sat\u0131n al\",\"url\":\"https:\/\/iptvkur1.com\/iptv-satin-al-14\/\",\"logo\":{\"@type\":\"ImageObject\",\"inLanguage\":\"tr\",\"@id\":\"https:\/\/iptvkur1.com\/iptv-satin-al-14\/#\/schema\/logo\/image\/\",\"url\":\"http:\/\/iptvkur1.com\/wp-content\/uploads\/2020\/09\/logo-pink-55.png\",\"contentUrl\":\"http:\/\/iptvkur1.com\/wp-content\/uploads\/2020\/09\/logo-pink-55.png\",\"width\":110,\"height\":55,\"caption\":\"iptv sat\u0131n al\"},\"image\":{\"@id\":\"https:\/\/iptvkur1.com\/iptv-satin-al-14\/#\/schema\/logo\/image\/\"},\"sameAs\":[\"https:\/\/twitter.com\/iptvkur\",\"https:\/\/instagram.com\/iptv.kur\"]}]}<\/script>\n<!-- \/ Yoast SEO plugin. -->","yoast_head_json":{"title":"24 saat test yay\u0131nl\u0131 kaliteli ip tv","description":"24 saat \u00fccretsiz test yay\u0131nl\u0131 g\u00fcvenilir ve uygun fiyatl\u0131 kaliteli iptv. Sat\u0131n almadan herhangi bir bilgi vermeden deneme yay\u0131n\u0131n\u0131z\u0131 alabilirs","robots":{"index":"index","follow":"follow","max-snippet":"max-snippet:-1","max-image-preview":"max-image-preview:large","max-video-preview":"max-video-preview:-1"},"canonical":"https:\/\/iptvkur1.com\/iptv-satin-al-14\/ip-tv-fiyatlari\/","og_locale":"tr_TR","og_type":"article","og_title":"24 saat test yay\u0131nl\u0131 kaliteli ip tv","og_description":"24 saat \u00fccretsiz test yay\u0131nl\u0131 g\u00fcvenilir ve uygun fiyatl\u0131 kaliteli iptv. Sat\u0131n almadan herhangi bir bilgi vermeden deneme yay\u0131n\u0131n\u0131z\u0131 alabilirs","og_url":"https:\/\/iptvkur1.com\/iptv-satin-al-14\/ip-tv-fiyatlari\/","og_site_name":"IPTV SATIN AL","article_modified_time":"2026-02-10T19:22:28+00:00","twitter_card":"summary_large_image","twitter_site":"@iptvkur","twitter_misc":{"Tahmini okuma s\u00fcresi":"2 dakika"},"schema":{"@context":"https:\/\/schema.org","@graph":[{"@type":"WebPage","@id":"https:\/\/iptvkur1.com\/iptv-satin-al-14\/ip-tv-fiyatlari\/","url":"https:\/\/iptvkur1.com\/iptv-satin-al-14\/ip-tv-fiyatlari\/","name":"24 saat test yay\u0131nl\u0131 kaliteli ip tv","isPartOf":{"@id":"https:\/\/iptvkur1.com\/iptv-satin-al-14\/#website"},"datePublished":"2017-04-19T14:56:56+00:00","dateModified":"2026-02-10T19:22:28+00:00","description":"24 saat \u00fccretsiz test yay\u0131nl\u0131 g\u00fcvenilir ve uygun fiyatl\u0131 kaliteli iptv. Sat\u0131n almadan herhangi bir bilgi vermeden deneme yay\u0131n\u0131n\u0131z\u0131 alabilirs","breadcrumb":{"@id":"https:\/\/iptvkur1.com\/iptv-satin-al-14\/ip-tv-fiyatlari\/#breadcrumb"},"inLanguage":"tr","potentialAction":[{"@type":"ReadAction","target":["https:\/\/iptvkur1.com\/iptv-satin-al-14\/ip-tv-fiyatlari\/"]}]},{"@type":"BreadcrumbList","@id":"https:\/\/iptvkur1.com\/iptv-satin-al-14\/ip-tv-fiyatlari\/#breadcrumb","itemListElement":[{"@type":"ListItem","position":1,"name":"Ana sayfa","item":"https:\/\/iptvkur1.com\/iptv-satin-al-14\/"},{"@type":"ListItem","position":2,"name":"Pricing"}]},{"@type":"WebSite","@id":"https:\/\/iptvkur1.com\/iptv-satin-al-14\/#website","url":"https:\/\/iptvkur1.com\/iptv-satin-al-14\/","name":"iptv sat\u0131n al","description":"3 G\u00fcn \u00dccretsiz Test Yay\u0131n\u0131","publisher":{"@id":"https:\/\/iptvkur1.com\/iptv-satin-al-14\/#organization"},"potentialAction":[{"@type":"SearchAction","target":{"@type":"EntryPoint","urlTemplate":"https:\/\/iptvkur1.com\/iptv-satin-al-14\/?s={search_term_string}"},"query-input":"required name=search_term_string"}],"inLanguage":"tr"},{"@type":"Organization","@id":"https:\/\/iptvkur1.com\/iptv-satin-al-14\/#organization","name":"iptv sat\u0131n al","url":"https:\/\/iptvkur1.com\/iptv-satin-al-14\/","logo":{"@type":"ImageObject","inLanguage":"tr","@id":"https:\/\/iptvkur1.com\/iptv-satin-al-14\/#\/schema\/logo\/image\/","url":"http:\/\/iptvkur1.com\/wp-content\/uploads\/2020\/09\/logo-pink-55.png","contentUrl":"http:\/\/iptvkur1.com\/wp-content\/uploads\/2020\/09\/logo-pink-55.png","width":110,"height":55,"caption":"iptv sat\u0131n al"},"image":{"@id":"https:\/\/iptvkur1.com\/iptv-satin-al-14\/#\/schema\/logo\/image\/"},"sameAs":["https:\/\/twitter.com\/iptvkur","https:\/\/instagram.com\/iptv.kur"]}]}},"_links":{"self":[{"href":"https:\/\/iptvkur1.com\/iptv-satin-al-14\/wp-json\/wp\/v2\/pages\/150"}],"collection":[{"href":"https:\/\/iptvkur1.com\/iptv-satin-al-14\/wp-json\/wp\/v2\/pages"}],"about":[{"href":"https:\/\/iptvkur1.com\/iptv-satin-al-14\/wp-json\/wp\/v2\/types\/page"}],"author":[{"embeddable":true,"href":"https:\/\/iptvkur1.com\/iptv-satin-al-14\/wp-json\/wp\/v2\/users\/1"}],"replies":[{"embeddable":true,"href":"https:\/\/iptvkur1.com\/iptv-satin-al-14\/wp-json\/wp\/v2\/comments?post=150"}],"version-history":[{"count":78,"href":"https:\/\/iptvkur1.com\/iptv-satin-al-14\/wp-json\/wp\/v2\/pages\/150\/revisions"}],"predecessor-version":[{"id":1195,"href":"https:\/\/iptvkur1.com\/iptv-satin-al-14\/wp-json\/wp\/v2\/pages\/150\/revisions\/1195"}],"wp:attachment":[{"href":"https:\/\/iptvkur1.com\/iptv-satin-al-14\/wp-json\/wp\/v2\/media?parent=150"}],"curies":[{"name":"wp","href":"https:\/\/api.w.org\/{rel}","templated":true}]}}