{"id":574,"date":"2020-12-06T00:57:22","date_gmt":"2020-12-05T21:57:22","guid":{"rendered":"http:\/\/iptvkur1.com\/?page_id=574"},"modified":"2021-05-12T16:04:46","modified_gmt":"2021-05-12T13:04:46","slug":"iptv-satin-al","status":"publish","type":"page","link":"https:\/\/iptvkur1.com\/iptv-satin-al-14\/iptv-satin-al\/","title":{"rendered":"iptv sat\u0131n al"},"content":{"rendered":"<p>[vc_row css=&#8221;.vc_custom_1607203945902{margin-top: 100px !important;}&#8221;][vc_column][vc_column_text]<\/p>\n<h1>iptv sat\u0131n al<\/h1>\n<p>iptv sat\u0131n almadan \u00f6nce <strong>\u00fccretsiz test<\/strong> yay\u0131n\u0131m\u0131z\u0131 kullan\u0131p, sizin donan\u0131mlar\u0131n\u0131zla internet ba\u011flant\u0131n\u0131zla sorunsuz \u00e7al\u0131\u015ft\u0131\u011f\u0131n\u0131 g\u00f6rebilirsiniz. Her \u015fey i\u00e7inize sindikten sonra <strong>iptv al<\/strong> i\u015flemini bizimle ileti\u015fime ge\u00e7erek yapabilirsiniz.<\/p>\n<p>Almanya iptv sat\u0131n al i\u015flemleri i\u00e7in bizi tercih etmek isterseniz, geni\u015f Alman kanallar\u0131 listemizle size kaliteli hizmet vermek isteriz. Hangi \u00fclkede ka\u00e7 adet kanal\u0131m\u0131z var <a href=\"http:\/\/iptvkur1.com\/iptv-kanal-ve-iceriklerimiz\/\" target=\"_blank\" rel=\"noopener noreferrer\">buraya t\u0131klayara<\/a>k inceleyebilirsiniz.<\/p>\n<p>A\u015fa\u011f\u0131daki ba\u011flant\u0131lara t\u0131klayarak \u00fccretsiz test yay\u0131n\u0131n\u0131z\u0131 ba\u015flatabilir veya iptv sat\u0131n alma i\u015fleminizi tamamlayabilirsiniz. Her t\u00fcrl\u00fc sorunda g\u00fcn\u00fcn 20 saati destek ekibimiz sizlere yard\u0131mc\u0131 olmaktad\u0131r. Kurulum&#8217;dan hata \u00e7\u00f6z\u00fcm\u00fcne kadar iptv ile ilgili her t\u00fcrl\u00fc sorunuzu cevapl\u0131yoruz.<\/p>\n<p>7 y\u0131lld\u0131r bu hizmeti kesintisiz bir \u015fekilde sa\u011fl\u0131yoruz. Kullac\u0131lar\u0131m\u0131zdan gelen geribildirimler do\u011frultusunda kendimizi s\u00fcrekli geli\u015ftirdik. Yurt d\u0131\u015f\u0131 ve T\u00fcrkiye i\u00e7inde kesintisiz iptv servisi veren nadir iptv servislerinden biriyiz.[\/vc_column_text][\/vc_column][\/vc_row][vc_row][vc_column width=&#8221;1\/3&#8243;][vc_btn title=&#8221;\u00dc\u00e7 g\u00fcn \u00dccretsiz iptv al&#8221; color=&#8221;pink&#8221; link=&#8221;url:https%3A%2F%2Ftawk.to%2Fchat%2F5f8ad222fd4ff5477ea6ae4a%2Fdefault%20_blank&#8221;][\/vc_column][vc_column width=&#8221;1\/3&#8243;][vc_btn title=&#8221;iptv fiyat ve paketlerimiz&#8221; color=&#8221;blue&#8221; link=&#8221;url:https%3A%2F%2Fiptvkur.com%2F%23ip-tv-fiyatlari|target:_blank&#8221;][\/vc_column][vc_column width=&#8221;1\/3&#8243;][vc_btn title=&#8221;Whatsapp Destek Hatt\u0131&#8221; color=&#8221;pink&#8221; link=&#8221;url:https%3A%2F%2Fwa.me%2F491789242829%3Ftext%3DMerhabalar%2C%2520IPTV%2520konusunda%2520sizinle%2520g%25C3%25B6r%25C3%25BC%25C5%259Fmek%2520istiyorum.&#8221;][\/vc_column][\/vc_row][vc_row][vc_column][vc_column_text]<\/p>\n<h2>Almanya iptv sat\u0131n al<\/h2>\n<p>Almanyadaki iptv kullan\u0131c\u0131lar\u0131n\u0131n iptvkur&#8217;u tercih etme sebeplerini s\u0131ralad\u0131k keyifli okumalar;<\/p>\n<ol>\n<li>Almanya&#8217;daki m\u00fc\u015fterilerimize kesintisiz ve 7\/20 saat destek hizmeti vermekteyiz.<\/li>\n<li>Almanya&#8217;daki iptv kullan\u0131c\u0131lar\u0131m\u0131z\u0131 onlara en uygun konumdaki serverlara y\u00f6nlendirerek, kesintisiz bir iptv deneyimi sa\u011fl\u0131yoruz.<\/li>\n<li>\u00dccretsiz test imkan\u0131m\u0131z tam 24 saat, her ko\u015fulda g\u00fcn\u00fcn her saatinde test etme imkan\u0131 veriyoruz.<\/li>\n<li>\u0130p tv paketlerimiz i\u00e7erik olarak T\u00fcrkiye, Almanya a\u011f\u0131rl\u0131kl\u0131d\u0131r.<\/li>\n<li>Her t\u00fcrl\u00fc cihaza ip tv kanal listesi y\u00fckleyebilmeniz i\u00e7in teknik destek.<\/li>\n<\/ol>\n<p>[\/vc_column_text][vc_column_text]G\u00fcvenilir iptv sat\u0131n almayla ilgili g\u00fcvenilir sat\u0131c\u0131lar nas\u0131l anla\u015f\u0131l\u0131r adl\u0131 yaz\u0131m\u0131za <a href=\"http:\/\/iptvkur1.com\/guvenilir-ip-tv-nasil-anlasilir\/\">buraya t\u0131klayarak<\/a> gidebilirsiniz. Arnix samba iptv nas\u0131l kurulur, iOS iptv nas\u0131l izlenir, Android iptv nas\u0131l izlenir gibi bir \u00e7ok konuyu okumak i\u00e7in de <a href=\"http:\/\/iptvkur1.com\/blog\/\">blo\u011fumuza<\/a> g\u00f6z atabilirsiniz. Akl\u0131n\u0131za tak\u0131lan sorular i\u00e7in Whatsapp \u00fczerinden ya da canl\u0131 destek \u00fczerinden b\u00fct\u00fcn sorular\u0131n\u0131z\u0131 sorabilirsiniz.<\/p>\n<p><a href=\"https:\/\/instagram.com\/tek.iptv\">Instagram adresimizden<\/a> DM ile destek alma imkan\u0131n\u0131z da vard\u0131r. Kolay kurulumlu ip tv almak ve <strong>h\u0131zl\u0131 aktivasyon<\/strong> i\u00e7in bize yaz\u0131n\u0131z. \u015eimdiden iyi seyirler dileriz.<\/p>\n<p>iptvkur ekibi<\/p>\n<p>[\/vc_column_text][\/vc_column][\/vc_row][vc_row][vc_column][vc_single_image image=&#8221;237&#8243; img_size=&#8221;large&#8221;][\/vc_column][\/vc_row]<\/p>\n","protected":false},"excerpt":{"rendered":"<p>[vc_row css=&#8221;.vc_custom_1607203945902{margin-top: 100px !important;}&#8221;][vc_column][vc_column_text] iptv sat\u0131n al iptv sat\u0131n almadan \u00f6nce \u00fccretsiz test yay\u0131n\u0131m\u0131z\u0131 kullan\u0131p, sizin donan\u0131mlar\u0131n\u0131zla internet ba\u011flant\u0131n\u0131zla sorunsuz \u00e7al\u0131\u015ft\u0131\u011f\u0131n\u0131 g\u00f6rebilirsiniz. Her \u015fey i\u00e7inize sindikten sonra iptv al i\u015flemini bizimle ileti\u015fime ge\u00e7erek yapabilirsiniz. Almanya iptv sat\u0131n al i\u015flemleri i\u00e7in bizi tercih etmek isterseniz, geni\u015f Alman kanallar\u0131 listemizle size kaliteli hizmet vermek isteriz. Hangi \u00fclkede<\/p>\n<div class=\"text-left klb-read-more\"><a class=\"btn btn-danger\" href=\"https:\/\/iptvkur1.com\/iptv-satin-al-14\/iptv-satin-al\/\" >DEVAMINI OKU<\/a><\/div>\n","protected":false},"author":1,"featured_media":0,"parent":0,"menu_order":0,"comment_status":"closed","ping_status":"closed","template":"","meta":{"footnotes":""},"yoast_head":"<!-- This site is optimized with the Yoast SEO plugin v21.7 - https:\/\/yoast.com\/wordpress\/plugins\/seo\/ -->\n<title>iPTV Sat\u0131n Al - 3 G\u00fcn \u00dccretsiz IPTV Test - 7 y\u0131ll\u0131k tecr\u00fcbe - Alman i\u00e7erikleri<\/title>\n<meta name=\"description\" content=\"iptv sat\u0131n al 3 g\u00fcn \u00fccretsiz iptv test imkan\u0131. Alman kanallar\u0131 (HD, Full HD, 4K, 3D). iptv 24 saat destek hizmeti. Almanya iptv sat\u0131n al\" \/>\n<meta name=\"robots\" content=\"index, follow, max-snippet:-1, max-image-preview:large, max-video-preview:-1\" \/>\n<link rel=\"canonical\" href=\"https:\/\/iptvkur1.com\/iptv-satin-al-14\/iptv-satin-al\/\" \/>\n<meta property=\"og:locale\" content=\"tr_TR\" \/>\n<meta property=\"og:type\" content=\"article\" \/>\n<meta property=\"og:title\" content=\"iPTV Sat\u0131n Al - 3 G\u00fcn \u00dccretsiz IPTV Test - 7 y\u0131ll\u0131k tecr\u00fcbe - Alman i\u00e7erikleri\" \/>\n<meta property=\"og:description\" content=\"iptv sat\u0131n al 3 g\u00fcn \u00fccretsiz iptv test imkan\u0131. Alman kanallar\u0131 (HD, Full HD, 4K, 3D). iptv 24 saat destek hizmeti. Almanya iptv sat\u0131n al\" \/>\n<meta property=\"og:url\" content=\"https:\/\/iptvkur1.com\/iptv-satin-al-14\/iptv-satin-al\/\" \/>\n<meta property=\"og:site_name\" content=\"IPTV SATIN AL\" \/>\n<meta property=\"article:modified_time\" content=\"2021-05-12T13:04:46+00:00\" \/>\n<meta name=\"twitter:card\" content=\"summary_large_image\" \/>\n<meta name=\"twitter:site\" content=\"@iptvkur\" \/>\n<meta name=\"twitter:label1\" content=\"Tahmini okuma s\u00fcresi\" \/>\n\t<meta name=\"twitter:data1\" content=\"2 dakika\" \/>\n<script type=\"application\/ld+json\" class=\"yoast-schema-graph\">{\"@context\":\"https:\/\/schema.org\",\"@graph\":[{\"@type\":[\"WebPage\",\"ItemPage\"],\"@id\":\"https:\/\/iptvkur1.com\/iptv-satin-al-14\/iptv-satin-al\/\",\"url\":\"https:\/\/iptvkur1.com\/iptv-satin-al-14\/iptv-satin-al\/\",\"name\":\"iPTV Sat\u0131n Al - 3 G\u00fcn \u00dccretsiz IPTV Test - 7 y\u0131ll\u0131k tecr\u00fcbe - Alman i\u00e7erikleri\",\"isPartOf\":{\"@id\":\"https:\/\/iptvkur1.com\/iptv-satin-al-14\/#website\"},\"datePublished\":\"2020-12-05T21:57:22+00:00\",\"dateModified\":\"2021-05-12T13:04:46+00:00\",\"description\":\"iptv sat\u0131n al 3 g\u00fcn \u00fccretsiz iptv test imkan\u0131. Alman kanallar\u0131 (HD, Full HD, 4K, 3D). iptv 24 saat destek hizmeti. Almanya iptv sat\u0131n al\",\"breadcrumb\":{\"@id\":\"https:\/\/iptvkur1.com\/iptv-satin-al-14\/iptv-satin-al\/#breadcrumb\"},\"inLanguage\":\"tr\",\"potentialAction\":[{\"@type\":\"ReadAction\",\"target\":[\"https:\/\/iptvkur1.com\/iptv-satin-al-14\/iptv-satin-al\/\"]}]},{\"@type\":\"BreadcrumbList\",\"@id\":\"https:\/\/iptvkur1.com\/iptv-satin-al-14\/iptv-satin-al\/#breadcrumb\",\"itemListElement\":[{\"@type\":\"ListItem\",\"position\":1,\"name\":\"Ana sayfa\",\"item\":\"https:\/\/iptvkur1.com\/iptv-satin-al-14\/\"},{\"@type\":\"ListItem\",\"position\":2,\"name\":\"iptv sat\u0131n al\"}]},{\"@type\":\"WebSite\",\"@id\":\"https:\/\/iptvkur1.com\/iptv-satin-al-14\/#website\",\"url\":\"https:\/\/iptvkur1.com\/iptv-satin-al-14\/\",\"name\":\"iptv sat\u0131n al\",\"description\":\"3 G\u00fcn \u00dccretsiz Test Yay\u0131n\u0131\",\"publisher\":{\"@id\":\"https:\/\/iptvkur1.com\/iptv-satin-al-14\/#organization\"},\"potentialAction\":[{\"@type\":\"SearchAction\",\"target\":{\"@type\":\"EntryPoint\",\"urlTemplate\":\"https:\/\/iptvkur1.com\/iptv-satin-al-14\/?s={search_term_string}\"},\"query-input\":\"required name=search_term_string\"}],\"inLanguage\":\"tr\"},{\"@type\":\"Organization\",\"@id\":\"https:\/\/iptvkur1.com\/iptv-satin-al-14\/#organization\",\"name\":\"iptv sat\u0131n al\",\"url\":\"https:\/\/iptvkur1.com\/iptv-satin-al-14\/\",\"logo\":{\"@type\":\"ImageObject\",\"inLanguage\":\"tr\",\"@id\":\"https:\/\/iptvkur1.com\/iptv-satin-al-14\/#\/schema\/logo\/image\/\",\"url\":\"http:\/\/iptvkur1.com\/wp-content\/uploads\/2020\/09\/logo-pink-55.png\",\"contentUrl\":\"http:\/\/iptvkur1.com\/wp-content\/uploads\/2020\/09\/logo-pink-55.png\",\"width\":110,\"height\":55,\"caption\":\"iptv sat\u0131n al\"},\"image\":{\"@id\":\"https:\/\/iptvkur1.com\/iptv-satin-al-14\/#\/schema\/logo\/image\/\"},\"sameAs\":[\"https:\/\/twitter.com\/iptvkur\",\"https:\/\/instagram.com\/iptv.kur\"]}]}<\/script>\n<!-- \/ Yoast SEO plugin. -->","yoast_head_json":{"title":"iPTV Sat\u0131n Al - 3 G\u00fcn \u00dccretsiz IPTV Test - 7 y\u0131ll\u0131k tecr\u00fcbe - Alman i\u00e7erikleri","description":"iptv sat\u0131n al 3 g\u00fcn \u00fccretsiz iptv test imkan\u0131. Alman kanallar\u0131 (HD, Full HD, 4K, 3D). iptv 24 saat destek hizmeti. Almanya iptv sat\u0131n al","robots":{"index":"index","follow":"follow","max-snippet":"max-snippet:-1","max-image-preview":"max-image-preview:large","max-video-preview":"max-video-preview:-1"},"canonical":"https:\/\/iptvkur1.com\/iptv-satin-al-14\/iptv-satin-al\/","og_locale":"tr_TR","og_type":"article","og_title":"iPTV Sat\u0131n Al - 3 G\u00fcn \u00dccretsiz IPTV Test - 7 y\u0131ll\u0131k tecr\u00fcbe - Alman i\u00e7erikleri","og_description":"iptv sat\u0131n al 3 g\u00fcn \u00fccretsiz iptv test imkan\u0131. Alman kanallar\u0131 (HD, Full HD, 4K, 3D). iptv 24 saat destek hizmeti. Almanya iptv sat\u0131n al","og_url":"https:\/\/iptvkur1.com\/iptv-satin-al-14\/iptv-satin-al\/","og_site_name":"IPTV SATIN AL","article_modified_time":"2021-05-12T13:04:46+00:00","twitter_card":"summary_large_image","twitter_site":"@iptvkur","twitter_misc":{"Tahmini okuma s\u00fcresi":"2 dakika"},"schema":{"@context":"https:\/\/schema.org","@graph":[{"@type":["WebPage","ItemPage"],"@id":"https:\/\/iptvkur1.com\/iptv-satin-al-14\/iptv-satin-al\/","url":"https:\/\/iptvkur1.com\/iptv-satin-al-14\/iptv-satin-al\/","name":"iPTV Sat\u0131n Al - 3 G\u00fcn \u00dccretsiz IPTV Test - 7 y\u0131ll\u0131k tecr\u00fcbe - Alman i\u00e7erikleri","isPartOf":{"@id":"https:\/\/iptvkur1.com\/iptv-satin-al-14\/#website"},"datePublished":"2020-12-05T21:57:22+00:00","dateModified":"2021-05-12T13:04:46+00:00","description":"iptv sat\u0131n al 3 g\u00fcn \u00fccretsiz iptv test imkan\u0131. Alman kanallar\u0131 (HD, Full HD, 4K, 3D). iptv 24 saat destek hizmeti. Almanya iptv sat\u0131n al","breadcrumb":{"@id":"https:\/\/iptvkur1.com\/iptv-satin-al-14\/iptv-satin-al\/#breadcrumb"},"inLanguage":"tr","potentialAction":[{"@type":"ReadAction","target":["https:\/\/iptvkur1.com\/iptv-satin-al-14\/iptv-satin-al\/"]}]},{"@type":"BreadcrumbList","@id":"https:\/\/iptvkur1.com\/iptv-satin-al-14\/iptv-satin-al\/#breadcrumb","itemListElement":[{"@type":"ListItem","position":1,"name":"Ana sayfa","item":"https:\/\/iptvkur1.com\/iptv-satin-al-14\/"},{"@type":"ListItem","position":2,"name":"iptv sat\u0131n al"}]},{"@type":"WebSite","@id":"https:\/\/iptvkur1.com\/iptv-satin-al-14\/#website","url":"https:\/\/iptvkur1.com\/iptv-satin-al-14\/","name":"iptv sat\u0131n al","description":"3 G\u00fcn \u00dccretsiz Test Yay\u0131n\u0131","publisher":{"@id":"https:\/\/iptvkur1.com\/iptv-satin-al-14\/#organization"},"potentialAction":[{"@type":"SearchAction","target":{"@type":"EntryPoint","urlTemplate":"https:\/\/iptvkur1.com\/iptv-satin-al-14\/?s={search_term_string}"},"query-input":"required name=search_term_string"}],"inLanguage":"tr"},{"@type":"Organization","@id":"https:\/\/iptvkur1.com\/iptv-satin-al-14\/#organization","name":"iptv sat\u0131n al","url":"https:\/\/iptvkur1.com\/iptv-satin-al-14\/","logo":{"@type":"ImageObject","inLanguage":"tr","@id":"https:\/\/iptvkur1.com\/iptv-satin-al-14\/#\/schema\/logo\/image\/","url":"http:\/\/iptvkur1.com\/wp-content\/uploads\/2020\/09\/logo-pink-55.png","contentUrl":"http:\/\/iptvkur1.com\/wp-content\/uploads\/2020\/09\/logo-pink-55.png","width":110,"height":55,"caption":"iptv sat\u0131n al"},"image":{"@id":"https:\/\/iptvkur1.com\/iptv-satin-al-14\/#\/schema\/logo\/image\/"},"sameAs":["https:\/\/twitter.com\/iptvkur","https:\/\/instagram.com\/iptv.kur"]}]}},"_links":{"self":[{"href":"https:\/\/iptvkur1.com\/iptv-satin-al-14\/wp-json\/wp\/v2\/pages\/574"}],"collection":[{"href":"https:\/\/iptvkur1.com\/iptv-satin-al-14\/wp-json\/wp\/v2\/pages"}],"about":[{"href":"https:\/\/iptvkur1.com\/iptv-satin-al-14\/wp-json\/wp\/v2\/types\/page"}],"author":[{"embeddable":true,"href":"https:\/\/iptvkur1.com\/iptv-satin-al-14\/wp-json\/wp\/v2\/users\/1"}],"replies":[{"embeddable":true,"href":"https:\/\/iptvkur1.com\/iptv-satin-al-14\/wp-json\/wp\/v2\/comments?post=574"}],"version-history":[{"count":12,"href":"https:\/\/iptvkur1.com\/iptv-satin-al-14\/wp-json\/wp\/v2\/pages\/574\/revisions"}],"predecessor-version":[{"id":780,"href":"https:\/\/iptvkur1.com\/iptv-satin-al-14\/wp-json\/wp\/v2\/pages\/574\/revisions\/780"}],"wp:attachment":[{"href":"https:\/\/iptvkur1.com\/iptv-satin-al-14\/wp-json\/wp\/v2\/media?parent=574"}],"curies":[{"name":"wp","href":"https:\/\/api.w.org\/{rel}","templated":true}]}}